{"id":4706,"date":"2025-07-09T01:05:33","date_gmt":"2025-07-09T01:05:33","guid":{"rendered":"https:\/\/www.lobodachi.com\/?post_type=product&#038;p=4706"},"modified":"2026-04-02T06:02:04","modified_gmt":"2026-04-02T06:02:04","slug":"cartera-venonat-pokemon-center","status":"publish","type":"product","link":"https:\/\/www.lobodachi.com\/?product=cartera-venonat-pokemon-center","title":{"rendered":"Cartera Venonat Pokemon Center"},"content":{"rendered":"<p>Pok\u00e9mon Center<\/p>\n<p>Cartera Venonat<\/p>\n<p>10\u00d710\u00d72 cm<\/p>\n<p>70g<\/p>\n","protected":false},"excerpt":{"rendered":"<p>Pok\u00e9mon Center Cartera Venonat 10\u00d710\u00d72 cm 70g<\/p>\n","protected":false},"featured_media":4711,"template":"","meta":[],"_links":{"self":[{"href":"https:\/\/www.lobodachi.com\/index.php?rest_route=\/wp\/v2\/product\/4706"}],"collection":[{"href":"https:\/\/www.lobodachi.com\/index.php?rest_route=\/wp\/v2\/product"}],"about":[{"href":"https:\/\/www.lobodachi.com\/index.php?rest_route=\/wp\/v2\/types\/product"}],"wp:featuredmedia":[{"embeddable":true,"href":"https:\/\/www.lobodachi.com\/index.php?rest_route=\/wp\/v2\/media\/4711"}],"wp:attachment":[{"href":"https:\/\/www.lobodachi.com\/index.php?rest_route=%2Fwp%2Fv2%2Fmedia&parent=4706"}],"curies":[{"name":"wp","href":"https:\/\/api.w.org\/{rel}","templated":true}]}}