{"id":4707,"date":"2025-07-09T01:05:33","date_gmt":"2025-07-09T01:05:33","guid":{"rendered":"https:\/\/www.lobodachi.com\/?post_type=product&#038;p=4707"},"modified":"2025-07-09T13:58:05","modified_gmt":"2025-07-09T13:58:05","slug":"drawstring-pouch-pokemon-matcha","status":"publish","type":"product","link":"https:\/\/www.lobodachi.com\/?product=drawstring-pouch-pokemon-matcha","title":{"rendered":"Drawstring Pouch Pokemon Matcha"},"content":{"rendered":"<p>Pok\u00e9mon Center<\/p>\n<p>Pok\u00e9mon Caf\u00e9 Chadesu drawstring pouch bag<\/p>\n<p>21 \u00d7 18.6 \u00d7 1.1 cm\u3000<\/p>\n<p>32g<\/p>\n","protected":false},"excerpt":{"rendered":"<p>Pok\u00e9mon Center Pok\u00e9mon Caf\u00e9 Chadesu drawstring pouch bag 21 \u00d7 18.6 \u00d7 1.1 cm\u3000 32g<\/p>\n","protected":false},"featured_media":4713,"template":"","meta":[],"_links":{"self":[{"href":"https:\/\/www.lobodachi.com\/index.php?rest_route=\/wp\/v2\/product\/4707"}],"collection":[{"href":"https:\/\/www.lobodachi.com\/index.php?rest_route=\/wp\/v2\/product"}],"about":[{"href":"https:\/\/www.lobodachi.com\/index.php?rest_route=\/wp\/v2\/types\/product"}],"wp:featuredmedia":[{"embeddable":true,"href":"https:\/\/www.lobodachi.com\/index.php?rest_route=\/wp\/v2\/media\/4713"}],"wp:attachment":[{"href":"https:\/\/www.lobodachi.com\/index.php?rest_route=%2Fwp%2Fv2%2Fmedia&parent=4707"}],"curies":[{"name":"wp","href":"https:\/\/api.w.org\/{rel}","templated":true}]}}