{"id":4709,"date":"2025-07-09T01:05:34","date_gmt":"2025-07-09T01:05:34","guid":{"rendered":"https:\/\/www.lobodachi.com\/?post_type=product&#038;p=4709"},"modified":"2025-07-09T13:58:12","modified_gmt":"2025-07-09T13:58:12","slug":"calcetas-tatsugiri-dai-sushi-azules-25-27-cms","status":"publish","type":"product","link":"https:\/\/www.lobodachi.com\/?product=calcetas-tatsugiri-dai-sushi-azules-25-27-cms","title":{"rendered":"Calcetas Tatsugiri Dai Sushi Azules (25-27 cms)"},"content":{"rendered":"<p>Pok\u00e9mon Center<\/p>\n<p>Calcetas Tatsugiri Azules (25-27 cm)<\/p>\n<p>27\u00d78.5\u00d70.5 cm\u3000<\/p>\n<p>62g<\/p>\n","protected":false},"excerpt":{"rendered":"<p>Pok\u00e9mon Center Calcetas Tatsugiri Azules (25-27 cm) 27\u00d78.5\u00d70.5 cm\u3000 62g<\/p>\n","protected":false},"featured_media":4714,"template":"","meta":[],"_links":{"self":[{"href":"https:\/\/www.lobodachi.com\/index.php?rest_route=\/wp\/v2\/product\/4709"}],"collection":[{"href":"https:\/\/www.lobodachi.com\/index.php?rest_route=\/wp\/v2\/product"}],"about":[{"href":"https:\/\/www.lobodachi.com\/index.php?rest_route=\/wp\/v2\/types\/product"}],"wp:featuredmedia":[{"embeddable":true,"href":"https:\/\/www.lobodachi.com\/index.php?rest_route=\/wp\/v2\/media\/4714"}],"wp:attachment":[{"href":"https:\/\/www.lobodachi.com\/index.php?rest_route=%2Fwp%2Fv2%2Fmedia&parent=4709"}],"curies":[{"name":"wp","href":"https:\/\/api.w.org\/{rel}","templated":true}]}}