{"id":4715,"date":"2025-07-09T01:45:27","date_gmt":"2025-07-09T01:45:27","guid":{"rendered":"https:\/\/www.lobodachi.com\/?post_type=product&#038;p=4715"},"modified":"2025-07-09T13:58:13","modified_gmt":"2025-07-09T13:58:13","slug":"calcetas-tatsugiri-dai-sushi-negras-25-27-cms","status":"publish","type":"product","link":"https:\/\/www.lobodachi.com\/?product=calcetas-tatsugiri-dai-sushi-negras-25-27-cms","title":{"rendered":"Calcetas Tatsugiri Dai Sushi Negras (25-27 cms)"},"content":{"rendered":"<p>Pok\u00e9mon Center<\/p>\n<p>Calcetas Tatsugiri Negras (25-27 cm)<\/p>\n<p>12\u00d78.3\u00d70.5:cm\u300033g<\/p>\n","protected":false},"excerpt":{"rendered":"<p>Pok\u00e9mon Center Calcetas Tatsugiri Negras (25-27 cm) 12\u00d78.3\u00d70.5:cm\u300033g<\/p>\n","protected":false},"featured_media":4720,"template":"","meta":[],"_links":{"self":[{"href":"https:\/\/www.lobodachi.com\/index.php?rest_route=\/wp\/v2\/product\/4715"}],"collection":[{"href":"https:\/\/www.lobodachi.com\/index.php?rest_route=\/wp\/v2\/product"}],"about":[{"href":"https:\/\/www.lobodachi.com\/index.php?rest_route=\/wp\/v2\/types\/product"}],"wp:featuredmedia":[{"embeddable":true,"href":"https:\/\/www.lobodachi.com\/index.php?rest_route=\/wp\/v2\/media\/4720"}],"wp:attachment":[{"href":"https:\/\/www.lobodachi.com\/index.php?rest_route=%2Fwp%2Fv2%2Fmedia&parent=4715"}],"curies":[{"name":"wp","href":"https:\/\/api.w.org\/{rel}","templated":true}]}}