{"id":4716,"date":"2025-07-09T01:45:28","date_gmt":"2025-07-09T01:45:28","guid":{"rendered":"https:\/\/www.lobodachi.com\/?post_type=product&#038;p=4716"},"modified":"2025-07-09T13:58:16","modified_gmt":"2025-07-09T13:58:16","slug":"toalla-de-mano-ho-oh-battle-ver","status":"publish","type":"product","link":"https:\/\/www.lobodachi.com\/?product=toalla-de-mano-ho-oh-battle-ver","title":{"rendered":"Toalla de mano Ho-oh Battle Ver."},"content":{"rendered":"<p>Pok\u00e9mon Center<\/p>\n<p>Toalla de mano Ho-Oh Battle\u00a0<\/p>\n<p>Pok\u00e9mon Gold &amp; Silver 25 Aniversario<\/p>\n<p>25\u00d725\u00d70.5cm<\/p>\n<p>22g<\/p>\n<p>\u00a0<\/p>\n","protected":false},"excerpt":{"rendered":"<p>Pok\u00e9mon Center Toalla de mano Ho-Oh Battle\u00a0 Pok\u00e9mon Gold &amp; Silver 25 Aniversario 25\u00d725\u00d70.5cm 22g \u00a0<\/p>\n","protected":false},"featured_media":4723,"template":"","meta":[],"_links":{"self":[{"href":"https:\/\/www.lobodachi.com\/index.php?rest_route=\/wp\/v2\/product\/4716"}],"collection":[{"href":"https:\/\/www.lobodachi.com\/index.php?rest_route=\/wp\/v2\/product"}],"about":[{"href":"https:\/\/www.lobodachi.com\/index.php?rest_route=\/wp\/v2\/types\/product"}],"wp:featuredmedia":[{"embeddable":true,"href":"https:\/\/www.lobodachi.com\/index.php?rest_route=\/wp\/v2\/media\/4723"}],"wp:attachment":[{"href":"https:\/\/www.lobodachi.com\/index.php?rest_route=%2Fwp%2Fv2%2Fmedia&parent=4716"}],"curies":[{"name":"wp","href":"https:\/\/api.w.org\/{rel}","templated":true}]}}