{"id":4726,"date":"2025-07-09T02:24:06","date_gmt":"2025-07-09T02:24:06","guid":{"rendered":"https:\/\/www.lobodachi.com\/?post_type=product&#038;p=4726"},"modified":"2025-09-05T21:46:40","modified_gmt":"2025-09-05T21:46:40","slug":"set-plumas-decoshinecolor-poke-fantasmas","status":"publish","type":"product","link":"https:\/\/www.lobodachi.com\/?product=set-plumas-decoshinecolor-poke-fantasmas","title":{"rendered":"Set plumas DecoShineColor (Poke fantasmas)"},"content":{"rendered":"<p>Pok\u00e9mon Center<\/p>\n<p>Set de plumas Pok\u00e9mon Fantasma<\/p>\n<p>15\u00d79.3\u00d71.8 cm<\/p>\n<p>11g<\/p>\n","protected":false},"excerpt":{"rendered":"<p>Pok\u00e9mon Center Set de plumas Pok\u00e9mon Fantasma 15\u00d79.3\u00d71.8 cm 11g<\/p>\n","protected":false},"featured_media":4730,"template":"","meta":[],"_links":{"self":[{"href":"https:\/\/www.lobodachi.com\/index.php?rest_route=\/wp\/v2\/product\/4726"}],"collection":[{"href":"https:\/\/www.lobodachi.com\/index.php?rest_route=\/wp\/v2\/product"}],"about":[{"href":"https:\/\/www.lobodachi.com\/index.php?rest_route=\/wp\/v2\/types\/product"}],"wp:featuredmedia":[{"embeddable":true,"href":"https:\/\/www.lobodachi.com\/index.php?rest_route=\/wp\/v2\/media\/4730"}],"wp:attachment":[{"href":"https:\/\/www.lobodachi.com\/index.php?rest_route=%2Fwp%2Fv2%2Fmedia&parent=4726"}],"curies":[{"name":"wp","href":"https:\/\/api.w.org\/{rel}","templated":true}]}}