{"id":4737,"date":"2025-07-09T03:27:17","date_gmt":"2025-07-09T03:27:17","guid":{"rendered":"https:\/\/www.lobodachi.com\/?post_type=product&#038;p=4737"},"modified":"2025-07-09T13:59:04","modified_gmt":"2025-07-09T13:59:04","slug":"estatuilla-pokemon-pikachu-buneary","status":"publish","type":"product","link":"https:\/\/www.lobodachi.com\/?product=estatuilla-pokemon-pikachu-buneary","title":{"rendered":"Estatuilla Pokemon Pikachu &amp; Buneary"},"content":{"rendered":"<p>Pok\u00e9mon Center<\/p>\n<p>Estatuilla de cer\u00e1mica Pikachu &amp; Buneary<\/p>\n<p>Pok\u00e9mon X Yakushigama<\/p>\n<p>7.0\u00d711.0\u00d714.0cm<\/p>\n<p>75g<\/p>\n<p>\u00a0<\/p>\n","protected":false},"excerpt":{"rendered":"<p>Pok\u00e9mon Center Estatuilla de cer\u00e1mica Pikachu &amp; Buneary Pok\u00e9mon X Yakushigama 7.0\u00d711.0\u00d714.0cm 75g \u00a0<\/p>\n","protected":false},"featured_media":4741,"template":"","meta":[],"_links":{"self":[{"href":"https:\/\/www.lobodachi.com\/index.php?rest_route=\/wp\/v2\/product\/4737"}],"collection":[{"href":"https:\/\/www.lobodachi.com\/index.php?rest_route=\/wp\/v2\/product"}],"about":[{"href":"https:\/\/www.lobodachi.com\/index.php?rest_route=\/wp\/v2\/types\/product"}],"wp:featuredmedia":[{"embeddable":true,"href":"https:\/\/www.lobodachi.com\/index.php?rest_route=\/wp\/v2\/media\/4741"}],"wp:attachment":[{"href":"https:\/\/www.lobodachi.com\/index.php?rest_route=%2Fwp%2Fv2%2Fmedia&parent=4737"}],"curies":[{"name":"wp","href":"https:\/\/api.w.org\/{rel}","templated":true}]}}