{"id":4745,"date":"2025-07-09T03:49:21","date_gmt":"2025-07-09T03:49:21","guid":{"rendered":"https:\/\/www.lobodachi.com\/?post_type=product&#038;p=4745"},"modified":"2025-07-09T13:59:12","modified_gmt":"2025-07-09T13:59:12","slug":"alcancia-lechonk-ceramica","status":"publish","type":"product","link":"https:\/\/www.lobodachi.com\/?product=alcancia-lechonk-ceramica","title":{"rendered":"Alcanc\u00eda Lechonk (cer\u00e1mica)"},"content":{"rendered":"<p>Pok\u00e9mon Center<\/p>\n<p>Alcanc\u00eda Lechonk de cer\u00e1mica<\/p>\n<p>13.0 x 13.0 x 11.0cm<\/p>\n<p>\u00a0<\/p>\n<p>\u00a0<\/p>\n","protected":false},"excerpt":{"rendered":"<p>Pok\u00e9mon Center Alcanc\u00eda Lechonk de cer\u00e1mica 13.0 x 13.0 x 11.0cm \u00a0 \u00a0<\/p>\n","protected":false},"featured_media":4750,"template":"","meta":[],"_links":{"self":[{"href":"https:\/\/www.lobodachi.com\/index.php?rest_route=\/wp\/v2\/product\/4745"}],"collection":[{"href":"https:\/\/www.lobodachi.com\/index.php?rest_route=\/wp\/v2\/product"}],"about":[{"href":"https:\/\/www.lobodachi.com\/index.php?rest_route=\/wp\/v2\/types\/product"}],"wp:featuredmedia":[{"embeddable":true,"href":"https:\/\/www.lobodachi.com\/index.php?rest_route=\/wp\/v2\/media\/4750"}],"wp:attachment":[{"href":"https:\/\/www.lobodachi.com\/index.php?rest_route=%2Fwp%2Fv2%2Fmedia&parent=4745"}],"curies":[{"name":"wp","href":"https:\/\/api.w.org\/{rel}","templated":true}]}}