{"id":4782,"date":"2025-07-10T01:58:17","date_gmt":"2025-07-10T01:58:17","guid":{"rendered":"https:\/\/www.lobodachi.com\/?post_type=product&#038;p=4782"},"modified":"2025-07-10T12:44:39","modified_gmt":"2025-07-10T12:44:39","slug":"chandelure-aretes-par","status":"publish","type":"product","link":"https:\/\/www.lobodachi.com\/?product=chandelure-aretes-par","title":{"rendered":"Chandelure Aretes (par)"},"content":{"rendered":"<p>Pok\u00e9mon Center<\/p>\n<p>Pendientes 76 Chandelure<\/p>\n<p>4\u00d72.4\u00d71.3:cm\u3000<\/p>\n<p>4.3g<\/p>\n","protected":false},"excerpt":{"rendered":"<p>Pok\u00e9mon Center Pendientes 76 Chandelure 4\u00d72.4\u00d71.3:cm\u3000 4.3g<\/p>\n","protected":false},"featured_media":4786,"template":"","meta":[],"_links":{"self":[{"href":"https:\/\/www.lobodachi.com\/index.php?rest_route=\/wp\/v2\/product\/4782"}],"collection":[{"href":"https:\/\/www.lobodachi.com\/index.php?rest_route=\/wp\/v2\/product"}],"about":[{"href":"https:\/\/www.lobodachi.com\/index.php?rest_route=\/wp\/v2\/types\/product"}],"wp:featuredmedia":[{"embeddable":true,"href":"https:\/\/www.lobodachi.com\/index.php?rest_route=\/wp\/v2\/media\/4786"}],"wp:attachment":[{"href":"https:\/\/www.lobodachi.com\/index.php?rest_route=%2Fwp%2Fv2%2Fmedia&parent=4782"}],"curies":[{"name":"wp","href":"https:\/\/api.w.org\/{rel}","templated":true}]}}