{"id":4788,"date":"2025-07-10T04:06:00","date_gmt":"2025-07-10T04:06:00","guid":{"rendered":"https:\/\/www.lobodachi.com\/?post_type=product&#038;p=4788"},"modified":"2025-11-26T15:36:27","modified_gmt":"2025-11-26T15:36:27","slug":"dratini-ear-cuff-uno","status":"publish","type":"product","link":"https:\/\/www.lobodachi.com\/?product=dratini-ear-cuff-uno","title":{"rendered":"Dratini ear cuff (uno)"},"content":{"rendered":"<p>Pok\u00e9mon Center<\/p>\n<p>Pendiente ear cuff Dratini<\/p>\n<p>1.4\u00d71.4\u00d71.4 cm\u3000<\/p>\n<p>2.8g<\/p>\n","protected":false},"excerpt":{"rendered":"<p>Pok\u00e9mon Center Pendiente ear cuff Dratini 1.4\u00d71.4\u00d71.4 cm\u3000 2.8g<\/p>\n","protected":false},"featured_media":4796,"template":"","meta":[],"_links":{"self":[{"href":"https:\/\/www.lobodachi.com\/index.php?rest_route=\/wp\/v2\/product\/4788"}],"collection":[{"href":"https:\/\/www.lobodachi.com\/index.php?rest_route=\/wp\/v2\/product"}],"about":[{"href":"https:\/\/www.lobodachi.com\/index.php?rest_route=\/wp\/v2\/types\/product"}],"wp:featuredmedia":[{"embeddable":true,"href":"https:\/\/www.lobodachi.com\/index.php?rest_route=\/wp\/v2\/media\/4796"}],"wp:attachment":[{"href":"https:\/\/www.lobodachi.com\/index.php?rest_route=%2Fwp%2Fv2%2Fmedia&parent=4788"}],"curies":[{"name":"wp","href":"https:\/\/api.w.org\/{rel}","templated":true}]}}