{"id":4791,"date":"2025-07-10T04:06:01","date_gmt":"2025-07-10T04:06:01","guid":{"rendered":"https:\/\/www.lobodachi.com\/?post_type=product&#038;p=4791"},"modified":"2025-07-10T05:40:22","modified_gmt":"2025-07-10T05:40:22","slug":"drifloon-arete-uno","status":"publish","type":"product","link":"https:\/\/www.lobodachi.com\/?product=drifloon-arete-uno","title":{"rendered":"Drifloon Arete (uno)"},"content":{"rendered":"<p>Pok\u00e9mon Center<\/p>\n<p>Arete Piercing Drifloon<\/p>\n<p>1.6\u00d70.8\u00d71.3 cm\u3000<\/p>\n<p>1g<\/p>\n<p>\u00a0<\/p>\n<p>\u00a0<\/p>\n","protected":false},"excerpt":{"rendered":"<p>Pok\u00e9mon Center Arete Piercing Drifloon 1.6\u00d70.8\u00d71.3 cm\u3000 1g \u00a0 \u00a0<\/p>\n","protected":false},"featured_media":4798,"template":"","meta":[],"_links":{"self":[{"href":"https:\/\/www.lobodachi.com\/index.php?rest_route=\/wp\/v2\/product\/4791"}],"collection":[{"href":"https:\/\/www.lobodachi.com\/index.php?rest_route=\/wp\/v2\/product"}],"about":[{"href":"https:\/\/www.lobodachi.com\/index.php?rest_route=\/wp\/v2\/types\/product"}],"wp:featuredmedia":[{"embeddable":true,"href":"https:\/\/www.lobodachi.com\/index.php?rest_route=\/wp\/v2\/media\/4798"}],"wp:attachment":[{"href":"https:\/\/www.lobodachi.com\/index.php?rest_route=%2Fwp%2Fv2%2Fmedia&parent=4791"}],"curies":[{"name":"wp","href":"https:\/\/api.w.org\/{rel}","templated":true}]}}