{"id":4838,"date":"2025-07-17T20:41:14","date_gmt":"2025-07-17T20:41:14","guid":{"rendered":"https:\/\/www.lobodachi.com\/?post_type=product&#038;p=4838"},"modified":"2025-11-28T04:48:17","modified_gmt":"2025-11-28T04:48:17","slug":"togepi-calcetines-23-25-cms-par","status":"publish","type":"product","link":"https:\/\/www.lobodachi.com\/?product=togepi-calcetines-23-25-cms-par","title":{"rendered":"Togepi Calcetines (23-25 cms) par"},"content":{"rendered":"<p>Pok\u00e9mon Center<\/p>\n<p>Calcetines Togepi<\/p>\n<p>12.5 \u00d7 8 \u00d7 1 cm<\/p>\n<p>29 g<\/p>\n","protected":false},"excerpt":{"rendered":"<p>Pok\u00e9mon Center Calcetines Togepi 12.5 \u00d7 8 \u00d7 1 cm 29 g<\/p>\n","protected":false},"featured_media":4843,"template":"","meta":[],"_links":{"self":[{"href":"https:\/\/www.lobodachi.com\/index.php?rest_route=\/wp\/v2\/product\/4838"}],"collection":[{"href":"https:\/\/www.lobodachi.com\/index.php?rest_route=\/wp\/v2\/product"}],"about":[{"href":"https:\/\/www.lobodachi.com\/index.php?rest_route=\/wp\/v2\/types\/product"}],"wp:featuredmedia":[{"embeddable":true,"href":"https:\/\/www.lobodachi.com\/index.php?rest_route=\/wp\/v2\/media\/4843"}],"wp:attachment":[{"href":"https:\/\/www.lobodachi.com\/index.php?rest_route=%2Fwp%2Fv2%2Fmedia&parent=4838"}],"curies":[{"name":"wp","href":"https:\/\/api.w.org\/{rel}","templated":true}]}}