{"id":4853,"date":"2025-07-18T00:04:14","date_gmt":"2025-07-18T00:04:14","guid":{"rendered":"https:\/\/www.lobodachi.com\/?post_type=product&#038;p=4853"},"modified":"2025-07-22T16:31:57","modified_gmt":"2025-07-22T16:31:57","slug":"zorua-calcetines-25-27-cms-par","status":"publish","type":"product","link":"https:\/\/www.lobodachi.com\/?product=zorua-calcetines-25-27-cms-par","title":{"rendered":"Zorua Calcetines (25-27 cms) par"},"content":{"rendered":"<p>Pok\u00e9mon Center<\/p>\n<p>Calcetines Zorua (23 &#8211; 25 cm)<\/p>\n<p>12 \u00d7 20 \u00d7 0.5 cm\u3000<\/p>\n<p>35g<\/p>\n<p>\u00a0<\/p>\n","protected":false},"excerpt":{"rendered":"<p>Pok\u00e9mon Center Calcetines Zorua (23 &#8211; 25 cm) 12 \u00d7 20 \u00d7 0.5 cm\u3000 35g \u00a0<\/p>\n","protected":false},"featured_media":4858,"template":"","meta":[],"_links":{"self":[{"href":"https:\/\/www.lobodachi.com\/index.php?rest_route=\/wp\/v2\/product\/4853"}],"collection":[{"href":"https:\/\/www.lobodachi.com\/index.php?rest_route=\/wp\/v2\/product"}],"about":[{"href":"https:\/\/www.lobodachi.com\/index.php?rest_route=\/wp\/v2\/types\/product"}],"wp:featuredmedia":[{"embeddable":true,"href":"https:\/\/www.lobodachi.com\/index.php?rest_route=\/wp\/v2\/media\/4858"}],"wp:attachment":[{"href":"https:\/\/www.lobodachi.com\/index.php?rest_route=%2Fwp%2Fv2%2Fmedia&parent=4853"}],"curies":[{"name":"wp","href":"https:\/\/api.w.org\/{rel}","templated":true}]}}