{"id":4865,"date":"2025-07-18T03:28:52","date_gmt":"2025-07-18T03:28:52","guid":{"rendered":"https:\/\/www.lobodachi.com\/?post_type=product&#038;p=4865"},"modified":"2025-07-22T16:32:12","modified_gmt":"2025-07-22T16:32:12","slug":"set-vasos-easter-egg-hunt-2","status":"publish","type":"product","link":"https:\/\/www.lobodachi.com\/?product=set-vasos-easter-egg-hunt-2","title":{"rendered":"Set vasos Easter Egg Hunt (2)"},"content":{"rendered":"<p>Pok\u00e9mon Center<\/p>\n<p>Set 2 Vasos de Pl\u00e1stico Pok\u00e9mon Pikachu Easter Egg Hunt<\/p>\n<p>\u00a08 x 8 x 10 cm.<\/p>\n<p>50 g<\/p>\n","protected":false},"excerpt":{"rendered":"<p>Pok\u00e9mon Center Set 2 Vasos de Pl\u00e1stico Pok\u00e9mon Pikachu Easter Egg Hunt \u00a08 x 8 x 10 cm. 50 g<\/p>\n","protected":false},"featured_media":4871,"template":"","meta":[],"_links":{"self":[{"href":"https:\/\/www.lobodachi.com\/index.php?rest_route=\/wp\/v2\/product\/4865"}],"collection":[{"href":"https:\/\/www.lobodachi.com\/index.php?rest_route=\/wp\/v2\/product"}],"about":[{"href":"https:\/\/www.lobodachi.com\/index.php?rest_route=\/wp\/v2\/types\/product"}],"wp:featuredmedia":[{"embeddable":true,"href":"https:\/\/www.lobodachi.com\/index.php?rest_route=\/wp\/v2\/media\/4871"}],"wp:attachment":[{"href":"https:\/\/www.lobodachi.com\/index.php?rest_route=%2Fwp%2Fv2%2Fmedia&parent=4865"}],"curies":[{"name":"wp","href":"https:\/\/api.w.org\/{rel}","templated":true}]}}