{"id":4866,"date":"2025-07-18T03:28:52","date_gmt":"2025-07-18T03:28:52","guid":{"rendered":"https:\/\/www.lobodachi.com\/?post_type=product&#038;p=4866"},"modified":"2025-07-22T16:32:14","modified_gmt":"2025-07-22T16:32:14","slug":"midnight-agent-pokemon-taza","status":"publish","type":"product","link":"https:\/\/www.lobodachi.com\/?product=midnight-agent-pokemon-taza","title":{"rendered":"Midnight Agent Pokemon Taza"},"content":{"rendered":"<p>Pok\u00e9mon Center<\/p>\n<p>Tasa M\u00e1gica Pok\u00e9mon Midnight Agent: The Cinema<\/p>\n<p>294g<\/p>\n","protected":false},"excerpt":{"rendered":"<p>Pok\u00e9mon Center Tasa M\u00e1gica Pok\u00e9mon Midnight Agent: The Cinema 294g<\/p>\n","protected":false},"featured_media":4870,"template":"","meta":[],"_links":{"self":[{"href":"https:\/\/www.lobodachi.com\/index.php?rest_route=\/wp\/v2\/product\/4866"}],"collection":[{"href":"https:\/\/www.lobodachi.com\/index.php?rest_route=\/wp\/v2\/product"}],"about":[{"href":"https:\/\/www.lobodachi.com\/index.php?rest_route=\/wp\/v2\/types\/product"}],"wp:featuredmedia":[{"embeddable":true,"href":"https:\/\/www.lobodachi.com\/index.php?rest_route=\/wp\/v2\/media\/4870"}],"wp:attachment":[{"href":"https:\/\/www.lobodachi.com\/index.php?rest_route=%2Fwp%2Fv2%2Fmedia&parent=4866"}],"curies":[{"name":"wp","href":"https:\/\/api.w.org\/{rel}","templated":true}]}}