{"id":4878,"date":"2025-07-18T20:47:08","date_gmt":"2025-07-18T20:47:08","guid":{"rendered":"https:\/\/www.lobodachi.com\/?post_type=product&#038;p=4878"},"modified":"2025-07-22T16:32:35","modified_gmt":"2025-07-22T16:32:35","slug":"caja-metalica-con-galletas-expiradas-poke-trainers","status":"publish","type":"product","link":"https:\/\/www.lobodachi.com\/?product=caja-metalica-con-galletas-expiradas-poke-trainers","title":{"rendered":"Caja met\u00e1lica con Galletas (expiradas) Poke Trainers"},"content":{"rendered":"<p>Pok\u00e9mon Center<\/p>\n<p>Caja met\u00e1lica con galletas (Expiradas) Pok\u00e9mon Trainers Paldea Region Print Cookies<\/p>\n<p>3.5 x 19 x 13.5 cm<\/p>\n<p>150 g<\/p>\n<p>\u00a0<\/p>\n","protected":false},"excerpt":{"rendered":"<p>Pok\u00e9mon Center Caja met\u00e1lica con galletas (Expiradas) Pok\u00e9mon Trainers Paldea Region Print Cookies 3.5 x 19 x 13.5 cm 150 g \u00a0<\/p>\n","protected":false},"featured_media":4882,"template":"","meta":[],"_links":{"self":[{"href":"https:\/\/www.lobodachi.com\/index.php?rest_route=\/wp\/v2\/product\/4878"}],"collection":[{"href":"https:\/\/www.lobodachi.com\/index.php?rest_route=\/wp\/v2\/product"}],"about":[{"href":"https:\/\/www.lobodachi.com\/index.php?rest_route=\/wp\/v2\/types\/product"}],"wp:featuredmedia":[{"embeddable":true,"href":"https:\/\/www.lobodachi.com\/index.php?rest_route=\/wp\/v2\/media\/4882"}],"wp:attachment":[{"href":"https:\/\/www.lobodachi.com\/index.php?rest_route=%2Fwp%2Fv2%2Fmedia&parent=4878"}],"curies":[{"name":"wp","href":"https:\/\/api.w.org\/{rel}","templated":true}]}}