{"id":4879,"date":"2025-07-18T20:47:08","date_gmt":"2025-07-18T20:47:08","guid":{"rendered":"https:\/\/www.lobodachi.com\/?post_type=product&#038;p=4879"},"modified":"2025-07-22T16:32:37","modified_gmt":"2025-07-22T16:32:37","slug":"tetera-pokebola","status":"publish","type":"product","link":"https:\/\/www.lobodachi.com\/?product=tetera-pokebola","title":{"rendered":"Tetera Pokebola"},"content":{"rendered":"<p>Pok\u00e9mon Center<\/p>\n<p>Tetera de cer\u00e1mica en forma Pokeball<\/p>\n<p>21\u00d713.2\u00d710.6 cm<\/p>\n<p>330g<\/p>\n","protected":false},"excerpt":{"rendered":"<p>Pok\u00e9mon Center Tetera de cer\u00e1mica en forma Pokeball 21\u00d713.2\u00d710.6 cm 330g<\/p>\n","protected":false},"featured_media":4883,"template":"","meta":[],"_links":{"self":[{"href":"https:\/\/www.lobodachi.com\/index.php?rest_route=\/wp\/v2\/product\/4879"}],"collection":[{"href":"https:\/\/www.lobodachi.com\/index.php?rest_route=\/wp\/v2\/product"}],"about":[{"href":"https:\/\/www.lobodachi.com\/index.php?rest_route=\/wp\/v2\/types\/product"}],"wp:featuredmedia":[{"embeddable":true,"href":"https:\/\/www.lobodachi.com\/index.php?rest_route=\/wp\/v2\/media\/4883"}],"wp:attachment":[{"href":"https:\/\/www.lobodachi.com\/index.php?rest_route=%2Fwp%2Fv2%2Fmedia&parent=4879"}],"curies":[{"name":"wp","href":"https:\/\/api.w.org\/{rel}","templated":true}]}}