{"id":4896,"date":"2025-07-18T21:34:43","date_gmt":"2025-07-18T21:34:43","guid":{"rendered":"https:\/\/www.lobodachi.com\/?post_type=product&#038;p=4896"},"modified":"2025-07-22T16:33:01","modified_gmt":"2025-07-22T16:33:01","slug":"platos-para-salsa-set-completo-pikachu","status":"publish","type":"product","link":"https:\/\/www.lobodachi.com\/?product=platos-para-salsa-set-completo-pikachu","title":{"rendered":"Platos para Salsa Set completo Pikachu"},"content":{"rendered":"<p>Pok\u00e9mon Center<\/p>\n<p>Set completo de platos para Salsa Pok\u00e9mon Pikachu Hanten<\/p>\n<p>10\u00d710\u00d71.3 cm\u3000<\/p>\n<p>86g<\/p>\n<p>\u00a0<\/p>\n","protected":false},"excerpt":{"rendered":"<p>Pok\u00e9mon Center Set completo de platos para Salsa Pok\u00e9mon Pikachu Hanten 10\u00d710\u00d71.3 cm\u3000 86g \u00a0<\/p>\n","protected":false},"featured_media":4904,"template":"","meta":[],"_links":{"self":[{"href":"https:\/\/www.lobodachi.com\/index.php?rest_route=\/wp\/v2\/product\/4896"}],"collection":[{"href":"https:\/\/www.lobodachi.com\/index.php?rest_route=\/wp\/v2\/product"}],"about":[{"href":"https:\/\/www.lobodachi.com\/index.php?rest_route=\/wp\/v2\/types\/product"}],"wp:featuredmedia":[{"embeddable":true,"href":"https:\/\/www.lobodachi.com\/index.php?rest_route=\/wp\/v2\/media\/4904"}],"wp:attachment":[{"href":"https:\/\/www.lobodachi.com\/index.php?rest_route=%2Fwp%2Fv2%2Fmedia&parent=4896"}],"curies":[{"name":"wp","href":"https:\/\/api.w.org\/{rel}","templated":true}]}}