{"id":4897,"date":"2025-07-18T21:34:43","date_gmt":"2025-07-18T21:34:43","guid":{"rendered":"https:\/\/www.lobodachi.com\/?post_type=product&#038;p=4897"},"modified":"2025-07-29T17:00:08","modified_gmt":"2025-07-29T17:00:08","slug":"platos-chicos-triple-set-tatsugiri","status":"publish","type":"product","link":"https:\/\/www.lobodachi.com\/?product=platos-chicos-triple-set-tatsugiri","title":{"rendered":"Platos chicos triple set Tatsugiri"},"content":{"rendered":"<p>Pok\u00e9mon Center<\/p>\n<p>Set de 3 Platos de Melamina Tatsugiri Pok\u00e9mon Dai Sushi! Full of Tatsugiri<\/p>\n<p>15\u00d715\u00d72 cm\u3000<\/p>\n<p>101 g<\/p>\n<p>\u00a0<\/p>\n","protected":false},"excerpt":{"rendered":"<p>Pok\u00e9mon Center Set de 3 Platos de Melamina Tatsugiri Pok\u00e9mon Dai Sushi! Full of Tatsugiri 15\u00d715\u00d72 cm\u3000 101 g \u00a0<\/p>\n","protected":false},"featured_media":4903,"template":"","meta":[],"_links":{"self":[{"href":"https:\/\/www.lobodachi.com\/index.php?rest_route=\/wp\/v2\/product\/4897"}],"collection":[{"href":"https:\/\/www.lobodachi.com\/index.php?rest_route=\/wp\/v2\/product"}],"about":[{"href":"https:\/\/www.lobodachi.com\/index.php?rest_route=\/wp\/v2\/types\/product"}],"wp:featuredmedia":[{"embeddable":true,"href":"https:\/\/www.lobodachi.com\/index.php?rest_route=\/wp\/v2\/media\/4903"}],"wp:attachment":[{"href":"https:\/\/www.lobodachi.com\/index.php?rest_route=%2Fwp%2Fv2%2Fmedia&parent=4897"}],"curies":[{"name":"wp","href":"https:\/\/api.w.org\/{rel}","templated":true}]}}