{"id":4909,"date":"2025-07-18T22:17:33","date_gmt":"2025-07-18T22:17:33","guid":{"rendered":"https:\/\/www.lobodachi.com\/?post_type=product&#038;p=4909"},"modified":"2025-07-22T16:33:10","modified_gmt":"2025-07-22T16:33:10","slug":"sinistcha-plato-hondo","status":"publish","type":"product","link":"https:\/\/www.lobodachi.com\/?product=sinistcha-plato-hondo","title":{"rendered":"Sinistcha plato hondo"},"content":{"rendered":"<p>Pok\u00e9mon Center<\/p>\n<p>Taz\u00f3n de cer\u00e1mica Sinistcha Pok\u00e9mon Caf\u00e9 Poltchageist<\/p>\n<p>9.7\u00d714\u00d714 cm\u3000<\/p>\n<p>670g<\/p>\n","protected":false},"excerpt":{"rendered":"<p>Pok\u00e9mon Center Taz\u00f3n de cer\u00e1mica Sinistcha Pok\u00e9mon Caf\u00e9 Poltchageist 9.7\u00d714\u00d714 cm\u3000 670g<\/p>\n","protected":false},"featured_media":4912,"template":"","meta":[],"_links":{"self":[{"href":"https:\/\/www.lobodachi.com\/index.php?rest_route=\/wp\/v2\/product\/4909"}],"collection":[{"href":"https:\/\/www.lobodachi.com\/index.php?rest_route=\/wp\/v2\/product"}],"about":[{"href":"https:\/\/www.lobodachi.com\/index.php?rest_route=\/wp\/v2\/types\/product"}],"wp:featuredmedia":[{"embeddable":true,"href":"https:\/\/www.lobodachi.com\/index.php?rest_route=\/wp\/v2\/media\/4912"}],"wp:attachment":[{"href":"https:\/\/www.lobodachi.com\/index.php?rest_route=%2Fwp%2Fv2%2Fmedia&parent=4909"}],"curies":[{"name":"wp","href":"https:\/\/api.w.org\/{rel}","templated":true}]}}