{"id":4918,"date":"2025-07-18T22:52:05","date_gmt":"2025-07-18T22:52:05","guid":{"rendered":"https:\/\/www.lobodachi.com\/?post_type=product&#038;p=4918"},"modified":"2025-07-22T16:33:26","modified_gmt":"2025-07-22T16:33:26","slug":"pluma-fuecoco-mandibulas","status":"publish","type":"product","link":"https:\/\/www.lobodachi.com\/?product=pluma-fuecoco-mandibulas","title":{"rendered":"Pluma Fuecoco Mand\u00edbulas"},"content":{"rendered":"<p>Pok\u00e9mon Center<\/p>\n<p>Pluma Fuecoco Mand\u00edbulas<\/p>\n<p>16.3\u00d72.7\u00d72.9 cm\u3000<\/p>\n<p>12g<\/p>\n","protected":false},"excerpt":{"rendered":"<p>Pok\u00e9mon Center Pluma Fuecoco Mand\u00edbulas 16.3\u00d72.7\u00d72.9 cm\u3000 12g<\/p>\n","protected":false},"featured_media":4923,"template":"","meta":[],"_links":{"self":[{"href":"https:\/\/www.lobodachi.com\/index.php?rest_route=\/wp\/v2\/product\/4918"}],"collection":[{"href":"https:\/\/www.lobodachi.com\/index.php?rest_route=\/wp\/v2\/product"}],"about":[{"href":"https:\/\/www.lobodachi.com\/index.php?rest_route=\/wp\/v2\/types\/product"}],"wp:featuredmedia":[{"embeddable":true,"href":"https:\/\/www.lobodachi.com\/index.php?rest_route=\/wp\/v2\/media\/4923"}],"wp:attachment":[{"href":"https:\/\/www.lobodachi.com\/index.php?rest_route=%2Fwp%2Fv2%2Fmedia&parent=4918"}],"curies":[{"name":"wp","href":"https:\/\/api.w.org\/{rel}","templated":true}]}}