{"id":4925,"date":"2025-07-18T23:07:24","date_gmt":"2025-07-18T23:07:24","guid":{"rendered":"https:\/\/www.lobodachi.com\/?post_type=product&#038;p=4925"},"modified":"2025-07-22T16:33:30","modified_gmt":"2025-07-22T16:33:30","slug":"assorted-mini-stickers-88-pokemon-sleep","status":"publish","type":"product","link":"https:\/\/www.lobodachi.com\/?product=assorted-mini-stickers-88-pokemon-sleep","title":{"rendered":"Assorted mini stickers (88) Pokemon Sleep"},"content":{"rendered":"<p>Pok\u00e9mon Center<\/p>\n<p>Surtido de Stickers Pok\u00e9mon Sleep<\/p>\n<p>22 Pok\u00e9mon, 88 Stickers<\/p>\n<p>4.9 x 4.0 x 1cm<\/p>\n","protected":false},"excerpt":{"rendered":"<p>Pok\u00e9mon Center Surtido de Stickers Pok\u00e9mon Sleep 22 Pok\u00e9mon, 88 Stickers 4.9 x 4.0 x 1cm<\/p>\n","protected":false},"featured_media":4930,"template":"","meta":[],"_links":{"self":[{"href":"https:\/\/www.lobodachi.com\/index.php?rest_route=\/wp\/v2\/product\/4925"}],"collection":[{"href":"https:\/\/www.lobodachi.com\/index.php?rest_route=\/wp\/v2\/product"}],"about":[{"href":"https:\/\/www.lobodachi.com\/index.php?rest_route=\/wp\/v2\/types\/product"}],"wp:featuredmedia":[{"embeddable":true,"href":"https:\/\/www.lobodachi.com\/index.php?rest_route=\/wp\/v2\/media\/4930"}],"wp:attachment":[{"href":"https:\/\/www.lobodachi.com\/index.php?rest_route=%2Fwp%2Fv2%2Fmedia&parent=4925"}],"curies":[{"name":"wp","href":"https:\/\/api.w.org\/{rel}","templated":true}]}}