{"id":4936,"date":"2025-07-21T20:36:30","date_gmt":"2025-07-21T20:36:30","guid":{"rendered":"https:\/\/www.lobodachi.com\/?post_type=product&#038;p=4936"},"modified":"2025-07-22T16:33:45","modified_gmt":"2025-07-22T16:33:45","slug":"butterfree-set-de-post-its","status":"publish","type":"product","link":"https:\/\/www.lobodachi.com\/?product=butterfree-set-de-post-its","title":{"rendered":"Butterfree set de post-its"},"content":{"rendered":"<p>Pok\u00e9mon Center<\/p>\n<p>Post-it Vivillion Pok\u00e9mon Bugs out!<\/p>\n<p>8.9\u00d710\u00d70.3 cm\u3000<\/p>\n<p>15g<\/p>\n","protected":false},"excerpt":{"rendered":"<p>Pok\u00e9mon Center Post-it Vivillion Pok\u00e9mon Bugs out! 8.9\u00d710\u00d70.3 cm\u3000 15g<\/p>\n","protected":false},"featured_media":5016,"template":"","meta":[],"_links":{"self":[{"href":"https:\/\/www.lobodachi.com\/index.php?rest_route=\/wp\/v2\/product\/4936"}],"collection":[{"href":"https:\/\/www.lobodachi.com\/index.php?rest_route=\/wp\/v2\/product"}],"about":[{"href":"https:\/\/www.lobodachi.com\/index.php?rest_route=\/wp\/v2\/types\/product"}],"wp:featuredmedia":[{"embeddable":true,"href":"https:\/\/www.lobodachi.com\/index.php?rest_route=\/wp\/v2\/media\/5016"}],"wp:attachment":[{"href":"https:\/\/www.lobodachi.com\/index.php?rest_route=%2Fwp%2Fv2%2Fmedia&parent=4936"}],"curies":[{"name":"wp","href":"https:\/\/api.w.org\/{rel}","templated":true}]}}