{"id":4948,"date":"2025-07-21T20:59:33","date_gmt":"2025-07-21T20:59:33","guid":{"rendered":"https:\/\/www.lobodachi.com\/?post_type=product&#038;p=4948"},"modified":"2025-07-22T16:35:21","modified_gmt":"2025-07-22T16:35:21","slug":"carracosta-fit","status":"publish","type":"product","link":"https:\/\/www.lobodachi.com\/?product=carracosta-fit","title":{"rendered":"Carracosta Fit"},"content":{"rendered":"<p>Pok\u00e9mon Center<\/p>\n<p>Peluche Carracosta Pok\u00e9mon Fit<\/p>\n<p>15\u00d713\u00d712 cm\u3000<\/p>\n<p>78g<\/p>\n<p>\u00a0<\/p>\n","protected":false},"excerpt":{"rendered":"<p>Pok\u00e9mon Center Peluche Carracosta Pok\u00e9mon Fit 15\u00d713\u00d712 cm\u3000 78g \u00a0<\/p>\n","protected":false},"featured_media":4953,"template":"","meta":[],"_links":{"self":[{"href":"https:\/\/www.lobodachi.com\/index.php?rest_route=\/wp\/v2\/product\/4948"}],"collection":[{"href":"https:\/\/www.lobodachi.com\/index.php?rest_route=\/wp\/v2\/product"}],"about":[{"href":"https:\/\/www.lobodachi.com\/index.php?rest_route=\/wp\/v2\/types\/product"}],"wp:featuredmedia":[{"embeddable":true,"href":"https:\/\/www.lobodachi.com\/index.php?rest_route=\/wp\/v2\/media\/4953"}],"wp:attachment":[{"href":"https:\/\/www.lobodachi.com\/index.php?rest_route=%2Fwp%2Fv2%2Fmedia&parent=4948"}],"curies":[{"name":"wp","href":"https:\/\/api.w.org\/{rel}","templated":true}]}}