{"id":4957,"date":"2025-07-21T21:12:54","date_gmt":"2025-07-21T21:12:54","guid":{"rendered":"https:\/\/www.lobodachi.com\/?post_type=product&#038;p=4957"},"modified":"2025-07-24T09:07:44","modified_gmt":"2025-07-24T09:07:44","slug":"zekrom-fit","status":"publish","type":"product","link":"https:\/\/www.lobodachi.com\/?product=zekrom-fit","title":{"rendered":"Zekrom Fit"},"content":{"rendered":"<p>Pok\u00e9mon Center<\/p>\n<p>Peluche Zekrom Pok\u00e9mon Fit<\/p>\n<p>15\u00d719\u00d718 cm<\/p>\n<p>84g<\/p>\n","protected":false},"excerpt":{"rendered":"<p>Pok\u00e9mon Center Peluche Zekrom Pok\u00e9mon Fit 15\u00d719\u00d718 cm 84g<\/p>\n","protected":false},"featured_media":4962,"template":"","meta":[],"_links":{"self":[{"href":"https:\/\/www.lobodachi.com\/index.php?rest_route=\/wp\/v2\/product\/4957"}],"collection":[{"href":"https:\/\/www.lobodachi.com\/index.php?rest_route=\/wp\/v2\/product"}],"about":[{"href":"https:\/\/www.lobodachi.com\/index.php?rest_route=\/wp\/v2\/types\/product"}],"wp:featuredmedia":[{"embeddable":true,"href":"https:\/\/www.lobodachi.com\/index.php?rest_route=\/wp\/v2\/media\/4962"}],"wp:attachment":[{"href":"https:\/\/www.lobodachi.com\/index.php?rest_route=%2Fwp%2Fv2%2Fmedia&parent=4957"}],"curies":[{"name":"wp","href":"https:\/\/api.w.org\/{rel}","templated":true}]}}