{"id":4959,"date":"2025-07-21T21:12:55","date_gmt":"2025-07-21T21:12:55","guid":{"rendered":"https:\/\/www.lobodachi.com\/?post_type=product&#038;p=4959"},"modified":"2025-07-22T16:35:36","modified_gmt":"2025-07-22T16:35:36","slug":"set-charms-pikachu","status":"publish","type":"product","link":"https:\/\/www.lobodachi.com\/?product=set-charms-pikachu","title":{"rendered":"Set Charms Pikachu"},"content":{"rendered":"<p>Pok\u00e9mon Center<\/p>\n<p>Set de colgantes Pok\u00e9mon National Pokedex Pikachu 172, 25, 26<\/p>\n<p>3.8\u00d72\u00d70.2 cm<\/p>\n<p>3g\u00a0<\/p>\n<p>\u00a0<\/p>\n","protected":false},"excerpt":{"rendered":"<p>Pok\u00e9mon Center Set de colgantes Pok\u00e9mon National Pokedex Pikachu 172, 25, 26 3.8\u00d72\u00d70.2 cm 3g\u00a0 \u00a0<\/p>\n","protected":false},"featured_media":4965,"template":"","meta":[],"_links":{"self":[{"href":"https:\/\/www.lobodachi.com\/index.php?rest_route=\/wp\/v2\/product\/4959"}],"collection":[{"href":"https:\/\/www.lobodachi.com\/index.php?rest_route=\/wp\/v2\/product"}],"about":[{"href":"https:\/\/www.lobodachi.com\/index.php?rest_route=\/wp\/v2\/types\/product"}],"wp:featuredmedia":[{"embeddable":true,"href":"https:\/\/www.lobodachi.com\/index.php?rest_route=\/wp\/v2\/media\/4965"}],"wp:attachment":[{"href":"https:\/\/www.lobodachi.com\/index.php?rest_route=%2Fwp%2Fv2%2Fmedia&parent=4959"}],"curies":[{"name":"wp","href":"https:\/\/api.w.org\/{rel}","templated":true}]}}