{"id":4960,"date":"2025-07-21T21:12:55","date_gmt":"2025-07-21T21:12:55","guid":{"rendered":"https:\/\/www.lobodachi.com\/?post_type=product&#038;p=4960"},"modified":"2025-07-22T16:35:38","modified_gmt":"2025-07-22T16:35:38","slug":"cuchara-para-ramen-hakata","status":"publish","type":"product","link":"https:\/\/www.lobodachi.com\/?product=cuchara-para-ramen-hakata","title":{"rendered":"Cuchara para ramen Hakata"},"content":{"rendered":"<p>Pok\u00e9mon Center<\/p>\n<p>Cuchara para ramen Hakata Ramen Pok\u00e9mon x Ippudo<\/p>\n<p>4.5\u00d71.5\u00d718 cm<\/p>\n<p>75 g<\/p>\n<p>\u00a0<\/p>\n","protected":false},"excerpt":{"rendered":"<p>Pok\u00e9mon Center Cuchara para ramen Hakata Ramen Pok\u00e9mon x Ippudo 4.5\u00d71.5\u00d718 cm 75 g \u00a0<\/p>\n","protected":false},"featured_media":4964,"template":"","meta":[],"_links":{"self":[{"href":"https:\/\/www.lobodachi.com\/index.php?rest_route=\/wp\/v2\/product\/4960"}],"collection":[{"href":"https:\/\/www.lobodachi.com\/index.php?rest_route=\/wp\/v2\/product"}],"about":[{"href":"https:\/\/www.lobodachi.com\/index.php?rest_route=\/wp\/v2\/types\/product"}],"wp:featuredmedia":[{"embeddable":true,"href":"https:\/\/www.lobodachi.com\/index.php?rest_route=\/wp\/v2\/media\/4964"}],"wp:attachment":[{"href":"https:\/\/www.lobodachi.com\/index.php?rest_route=%2Fwp%2Fv2%2Fmedia&parent=4960"}],"curies":[{"name":"wp","href":"https:\/\/api.w.org\/{rel}","templated":true}]}}