{"id":4967,"date":"2025-07-21T21:32:09","date_gmt":"2025-07-21T21:32:09","guid":{"rendered":"https:\/\/www.lobodachi.com\/?post_type=product&#038;p=4967"},"modified":"2025-07-25T07:00:56","modified_gmt":"2025-07-25T07:00:56","slug":"micas-cynthia-garchompe","status":"publish","type":"product","link":"https:\/\/www.lobodachi.com\/?product=micas-cynthia-garchompe","title":{"rendered":"Micas Cynthia &amp; Garchompe"},"content":{"rendered":"<p>Pok\u00e9mon Center<\/p>\n<p>Micas Cynthia &amp; Garchomp Pok\u00e9mon TCG (Ver.2) [azules<span>]<\/span><\/p>\n<p>Contiene 64 micas<\/p>\n<p>9,2\u00d76,6\u00d70,02 cm<\/p>\n<p>1.1g<\/p>\n","protected":false},"excerpt":{"rendered":"<p>Pok\u00e9mon Center Micas Cynthia &amp; Garchomp Pok\u00e9mon TCG (Ver.2) [azules] Contiene 64 micas 9,2\u00d76,6\u00d70,02 cm 1.1g<\/p>\n","protected":false},"featured_media":4971,"template":"","meta":[],"_links":{"self":[{"href":"https:\/\/www.lobodachi.com\/index.php?rest_route=\/wp\/v2\/product\/4967"}],"collection":[{"href":"https:\/\/www.lobodachi.com\/index.php?rest_route=\/wp\/v2\/product"}],"about":[{"href":"https:\/\/www.lobodachi.com\/index.php?rest_route=\/wp\/v2\/types\/product"}],"wp:featuredmedia":[{"embeddable":true,"href":"https:\/\/www.lobodachi.com\/index.php?rest_route=\/wp\/v2\/media\/4971"}],"wp:attachment":[{"href":"https:\/\/www.lobodachi.com\/index.php?rest_route=%2Fwp%2Fv2%2Fmedia&parent=4967"}],"curies":[{"name":"wp","href":"https:\/\/api.w.org\/{rel}","templated":true}]}}