{"id":4977,"date":"2025-07-21T22:02:28","date_gmt":"2025-07-21T22:02:28","guid":{"rendered":"https:\/\/www.lobodachi.com\/?post_type=product&#038;p=4977"},"modified":"2026-02-28T03:13:57","modified_gmt":"2026-02-28T03:13:57","slug":"toalla-de-mano-pokemon-center-hakata","status":"publish","type":"product","link":"https:\/\/www.lobodachi.com\/?product=toalla-de-mano-pokemon-center-hakata","title":{"rendered":"Toalla de mano Pokemon Center Hakata"},"content":{"rendered":"<p>Pok\u00e9mon Center<\/p>\n<p>Toalla de mano Arte Principal Pok\u00e9mon Center Fukuoka<\/p>\n<p>25\u00d70,2\u00d725 cm<\/p>\n<p>17g<\/p>\n","protected":false},"excerpt":{"rendered":"<p>Pok\u00e9mon Center Toalla de mano Arte Principal Pok\u00e9mon Center Fukuoka 25\u00d70,2\u00d725 cm 17g<\/p>\n","protected":false},"featured_media":4981,"template":"","meta":[],"_links":{"self":[{"href":"https:\/\/www.lobodachi.com\/index.php?rest_route=\/wp\/v2\/product\/4977"}],"collection":[{"href":"https:\/\/www.lobodachi.com\/index.php?rest_route=\/wp\/v2\/product"}],"about":[{"href":"https:\/\/www.lobodachi.com\/index.php?rest_route=\/wp\/v2\/types\/product"}],"wp:featuredmedia":[{"embeddable":true,"href":"https:\/\/www.lobodachi.com\/index.php?rest_route=\/wp\/v2\/media\/4981"}],"wp:attachment":[{"href":"https:\/\/www.lobodachi.com\/index.php?rest_route=%2Fwp%2Fv2%2Fmedia&parent=4977"}],"curies":[{"name":"wp","href":"https:\/\/api.w.org\/{rel}","templated":true}]}}