{"id":4978,"date":"2025-07-21T22:02:29","date_gmt":"2025-07-21T22:02:29","guid":{"rendered":"https:\/\/www.lobodachi.com\/?post_type=product&#038;p=4978"},"modified":"2026-04-01T19:37:24","modified_gmt":"2026-04-01T19:37:24","slug":"pikachu-hakata-ramen-plush","status":"publish","type":"product","link":"https:\/\/www.lobodachi.com\/?product=pikachu-hakata-ramen-plush","title":{"rendered":"Pikachu Hakata Ramen Plush"},"content":{"rendered":"<p>Pok\u00e9mon Center<\/p>\n<p>Plush Pikachu Hakata Ramen Pok\u00e9mon Center Fukuoka<\/p>\n<p>17\u00d715\u00d723 cm<\/p>\n<p>126 g<\/p>\n","protected":false},"excerpt":{"rendered":"<p>Pok\u00e9mon Center Plush Pikachu Hakata Ramen Pok\u00e9mon Center Fukuoka 17\u00d715\u00d723 cm 126 g<\/p>\n","protected":false},"featured_media":4984,"template":"","meta":[],"_links":{"self":[{"href":"https:\/\/www.lobodachi.com\/index.php?rest_route=\/wp\/v2\/product\/4978"}],"collection":[{"href":"https:\/\/www.lobodachi.com\/index.php?rest_route=\/wp\/v2\/product"}],"about":[{"href":"https:\/\/www.lobodachi.com\/index.php?rest_route=\/wp\/v2\/types\/product"}],"wp:featuredmedia":[{"embeddable":true,"href":"https:\/\/www.lobodachi.com\/index.php?rest_route=\/wp\/v2\/media\/4984"}],"wp:attachment":[{"href":"https:\/\/www.lobodachi.com\/index.php?rest_route=%2Fwp%2Fv2%2Fmedia&parent=4978"}],"curies":[{"name":"wp","href":"https:\/\/api.w.org\/{rel}","templated":true}]}}