{"id":5054,"date":"2025-07-22T23:03:02","date_gmt":"2025-07-22T23:03:02","guid":{"rendered":"https:\/\/www.lobodachi.com\/?post_type=product&#038;p=5054"},"modified":"2025-07-28T12:37:34","modified_gmt":"2025-07-28T12:37:34","slug":"pikachu-llavero-25th-aniversario","status":"publish","type":"product","link":"https:\/\/www.lobodachi.com\/?product=pikachu-llavero-25th-aniversario","title":{"rendered":"Pikachu Llavero 25th aniversario"},"content":{"rendered":"<p>Pok\u00e9mon Center<\/p>\n<p>Llavero Pikachu Pok\u00e9mon Center 25 aniversario<\/p>\n<p>8.4\u00d74.3\u00d70.5 cm<\/p>\n<p>12g<\/p>\n<p>\u00a0<\/p>\n","protected":false},"excerpt":{"rendered":"<p>Pok\u00e9mon Center Llavero Pikachu Pok\u00e9mon Center 25 aniversario 8.4\u00d74.3\u00d70.5 cm 12g \u00a0<\/p>\n","protected":false},"featured_media":5059,"template":"","meta":[],"_links":{"self":[{"href":"https:\/\/www.lobodachi.com\/index.php?rest_route=\/wp\/v2\/product\/5054"}],"collection":[{"href":"https:\/\/www.lobodachi.com\/index.php?rest_route=\/wp\/v2\/product"}],"about":[{"href":"https:\/\/www.lobodachi.com\/index.php?rest_route=\/wp\/v2\/types\/product"}],"wp:featuredmedia":[{"embeddable":true,"href":"https:\/\/www.lobodachi.com\/index.php?rest_route=\/wp\/v2\/media\/5059"}],"wp:attachment":[{"href":"https:\/\/www.lobodachi.com\/index.php?rest_route=%2Fwp%2Fv2%2Fmedia&parent=5054"}],"curies":[{"name":"wp","href":"https:\/\/api.w.org\/{rel}","templated":true}]}}