{"id":5055,"date":"2025-07-22T23:03:03","date_gmt":"2025-07-22T23:03:03","guid":{"rendered":"https:\/\/www.lobodachi.com\/?post_type=product&#038;p=5055"},"modified":"2025-07-28T12:37:30","modified_gmt":"2025-07-28T12:37:30","slug":"llavero-poke-venenoso-al-azar","status":"publish","type":"product","link":"https:\/\/www.lobodachi.com\/?product=llavero-poke-venenoso-al-azar","title":{"rendered":"Llavero Poke Venenoso al azar"},"content":{"rendered":"<p>Pok\u00e9mon Center<\/p>\n<p>Pok\u00e9mon Aurora Keychain Collection Moudokukiken<\/p>\n<p>1 Pok\u00e9mon al azar<\/p>\n<p>5.6\u00d77\u00d70.3 cm\u3000<\/p>\n<p>14g<\/p>\n","protected":false},"excerpt":{"rendered":"<p>Pok\u00e9mon Center Pok\u00e9mon Aurora Keychain Collection Moudokukiken 1 Pok\u00e9mon al azar 5.6\u00d77\u00d70.3 cm\u3000 14g<\/p>\n","protected":false},"featured_media":5061,"template":"","meta":[],"_links":{"self":[{"href":"https:\/\/www.lobodachi.com\/index.php?rest_route=\/wp\/v2\/product\/5055"}],"collection":[{"href":"https:\/\/www.lobodachi.com\/index.php?rest_route=\/wp\/v2\/product"}],"about":[{"href":"https:\/\/www.lobodachi.com\/index.php?rest_route=\/wp\/v2\/types\/product"}],"wp:featuredmedia":[{"embeddable":true,"href":"https:\/\/www.lobodachi.com\/index.php?rest_route=\/wp\/v2\/media\/5061"}],"wp:attachment":[{"href":"https:\/\/www.lobodachi.com\/index.php?rest_route=%2Fwp%2Fv2%2Fmedia&parent=5055"}],"curies":[{"name":"wp","href":"https:\/\/api.w.org\/{rel}","templated":true}]}}