{"id":5056,"date":"2025-07-22T23:03:03","date_gmt":"2025-07-22T23:03:03","guid":{"rendered":"https:\/\/www.lobodachi.com\/?post_type=product&#038;p=5056"},"modified":"2025-07-28T12:37:27","modified_gmt":"2025-07-28T12:37:27","slug":"llavero-pokemon-scale","status":"publish","type":"product","link":"https:\/\/www.lobodachi.com\/?product=llavero-pokemon-scale","title":{"rendered":"Llavero Pokemon Scale"},"content":{"rendered":"<p>Pok\u00e9mon Center<\/p>\n<p>Llavero SCALES Pok\u00e9mon and Tools<\/p>\n<p>8.5\u00d75.5\u00d70.7 cm<\/p>\n<p>34g<\/p>\n","protected":false},"excerpt":{"rendered":"<p>Pok\u00e9mon Center Llavero SCALES Pok\u00e9mon and Tools 8.5\u00d75.5\u00d70.7 cm 34g<\/p>\n","protected":false},"featured_media":5060,"template":"","meta":[],"_links":{"self":[{"href":"https:\/\/www.lobodachi.com\/index.php?rest_route=\/wp\/v2\/product\/5056"}],"collection":[{"href":"https:\/\/www.lobodachi.com\/index.php?rest_route=\/wp\/v2\/product"}],"about":[{"href":"https:\/\/www.lobodachi.com\/index.php?rest_route=\/wp\/v2\/types\/product"}],"wp:featuredmedia":[{"embeddable":true,"href":"https:\/\/www.lobodachi.com\/index.php?rest_route=\/wp\/v2\/media\/5060"}],"wp:attachment":[{"href":"https:\/\/www.lobodachi.com\/index.php?rest_route=%2Fwp%2Fv2%2Fmedia&parent=5056"}],"curies":[{"name":"wp","href":"https:\/\/api.w.org\/{rel}","templated":true}]}}