{"id":5064,"date":"2025-07-22T23:25:40","date_gmt":"2025-07-22T23:25:40","guid":{"rendered":"https:\/\/www.lobodachi.com\/?post_type=product&#038;p=5064"},"modified":"2025-07-28T12:38:14","modified_gmt":"2025-07-28T12:38:14","slug":"llavero-metalico-pokemon-diving-quaxly-set","status":"publish","type":"product","link":"https:\/\/www.lobodachi.com\/?product=llavero-metalico-pokemon-diving-quaxly-set","title":{"rendered":"Llavero Met\u00e1lico Pokemon Diving Quaxly set"},"content":{"rendered":"<p>Pok\u00e9mon Center<\/p>\n<p>Llavero Met\u00e1lico Quaxly &amp; Friends Pok\u00e9mon Diving<\/p>\n<p>10.0 x 3.0 x 1cm<\/p>\n<p>25g<\/p>\n<p>\u00a0<\/p>\n","protected":false},"excerpt":{"rendered":"<p>Pok\u00e9mon Center Llavero Met\u00e1lico Quaxly &amp; Friends Pok\u00e9mon Diving 10.0 x 3.0 x 1cm 25g \u00a0<\/p>\n","protected":false},"featured_media":5069,"template":"","meta":[],"_links":{"self":[{"href":"https:\/\/www.lobodachi.com\/index.php?rest_route=\/wp\/v2\/product\/5064"}],"collection":[{"href":"https:\/\/www.lobodachi.com\/index.php?rest_route=\/wp\/v2\/product"}],"about":[{"href":"https:\/\/www.lobodachi.com\/index.php?rest_route=\/wp\/v2\/types\/product"}],"wp:featuredmedia":[{"embeddable":true,"href":"https:\/\/www.lobodachi.com\/index.php?rest_route=\/wp\/v2\/media\/5069"}],"wp:attachment":[{"href":"https:\/\/www.lobodachi.com\/index.php?rest_route=%2Fwp%2Fv2%2Fmedia&parent=5064"}],"curies":[{"name":"wp","href":"https:\/\/api.w.org\/{rel}","templated":true}]}}