{"id":5079,"date":"2025-07-23T18:32:51","date_gmt":"2025-07-23T18:32:51","guid":{"rendered":"https:\/\/www.lobodachi.com\/?post_type=product&#038;p=5079"},"modified":"2025-07-28T12:37:57","modified_gmt":"2025-07-28T12:37:57","slug":"pokemon-center-llavero-acrilico-ampharos","status":"publish","type":"product","link":"https:\/\/www.lobodachi.com\/?product=pokemon-center-llavero-acrilico-ampharos","title":{"rendered":"Pokemon Center Llavero Acr\u00edlico (Ampharos)"},"content":{"rendered":"<p>Pok\u00e9mon Center<\/p>\n<p>Llavero de acr\u00edlico Pok\u00e9mon Center Bursting! 8th Aniversary Ampharos<\/p>\n<p>\u00a0<\/p>\n","protected":false},"excerpt":{"rendered":"<p>Pok\u00e9mon Center Llavero de acr\u00edlico Pok\u00e9mon Center Bursting! 8th Aniversary Ampharos \u00a0<\/p>\n","protected":false},"featured_media":5093,"template":"","meta":[],"_links":{"self":[{"href":"https:\/\/www.lobodachi.com\/index.php?rest_route=\/wp\/v2\/product\/5079"}],"collection":[{"href":"https:\/\/www.lobodachi.com\/index.php?rest_route=\/wp\/v2\/product"}],"about":[{"href":"https:\/\/www.lobodachi.com\/index.php?rest_route=\/wp\/v2\/types\/product"}],"wp:featuredmedia":[{"embeddable":true,"href":"https:\/\/www.lobodachi.com\/index.php?rest_route=\/wp\/v2\/media\/5093"}],"wp:attachment":[{"href":"https:\/\/www.lobodachi.com\/index.php?rest_route=%2Fwp%2Fv2%2Fmedia&parent=5079"}],"curies":[{"name":"wp","href":"https:\/\/api.w.org\/{rel}","templated":true}]}}