{"id":5086,"date":"2025-07-23T19:04:58","date_gmt":"2025-07-23T19:04:58","guid":{"rendered":"https:\/\/www.lobodachi.com\/?post_type=product&#038;p=5086"},"modified":"2025-08-14T09:20:56","modified_gmt":"2025-08-14T09:20:56","slug":"pokemon-center-llavero-acrilico-minun-plusle","status":"publish","type":"product","link":"https:\/\/www.lobodachi.com\/?product=pokemon-center-llavero-acrilico-minun-plusle","title":{"rendered":"Pokemon Center Llavero Acr\u00edlico (Minun Plusle)"},"content":{"rendered":"<p>Pok\u00e9mon Center<\/p>\n<p>Llavero de acr\u00edlico Pok\u00e9mon Center Bursting! 8th Aniversary Minum &amp; Plusle<\/p>\n","protected":false},"excerpt":{"rendered":"<p>Pok\u00e9mon Center Llavero de acr\u00edlico Pok\u00e9mon Center Bursting! 8th Aniversary Minum &amp; Plusle<\/p>\n","protected":false},"featured_media":5094,"template":"","meta":[],"_links":{"self":[{"href":"https:\/\/www.lobodachi.com\/index.php?rest_route=\/wp\/v2\/product\/5086"}],"collection":[{"href":"https:\/\/www.lobodachi.com\/index.php?rest_route=\/wp\/v2\/product"}],"about":[{"href":"https:\/\/www.lobodachi.com\/index.php?rest_route=\/wp\/v2\/types\/product"}],"wp:featuredmedia":[{"embeddable":true,"href":"https:\/\/www.lobodachi.com\/index.php?rest_route=\/wp\/v2\/media\/5094"}],"wp:attachment":[{"href":"https:\/\/www.lobodachi.com\/index.php?rest_route=%2Fwp%2Fv2%2Fmedia&parent=5086"}],"curies":[{"name":"wp","href":"https:\/\/api.w.org\/{rel}","templated":true}]}}