{"id":5102,"date":"2025-07-24T20:08:49","date_gmt":"2025-07-24T20:08:49","guid":{"rendered":"https:\/\/www.lobodachi.com\/?post_type=product&#038;p=5102"},"modified":"2025-07-28T12:38:24","modified_gmt":"2025-07-28T12:38:24","slug":"murkrow-fit","status":"publish","type":"product","link":"https:\/\/www.lobodachi.com\/?product=murkrow-fit","title":{"rendered":"Murkrow Fit"},"content":{"rendered":"<p>Pok\u00e9mon Center<\/p>\n<p>Plush Murkrow Pok\u00e9mon Fit<\/p>\n<p>14.5\u00d715\u00d710.5 cm<\/p>\n<p>55g<\/p>\n","protected":false},"excerpt":{"rendered":"<p>Pok\u00e9mon Center Plush Murkrow Pok\u00e9mon Fit 14.5\u00d715\u00d710.5 cm 55g<\/p>\n","protected":false},"featured_media":5106,"template":"","meta":[],"_links":{"self":[{"href":"https:\/\/www.lobodachi.com\/index.php?rest_route=\/wp\/v2\/product\/5102"}],"collection":[{"href":"https:\/\/www.lobodachi.com\/index.php?rest_route=\/wp\/v2\/product"}],"about":[{"href":"https:\/\/www.lobodachi.com\/index.php?rest_route=\/wp\/v2\/types\/product"}],"wp:featuredmedia":[{"embeddable":true,"href":"https:\/\/www.lobodachi.com\/index.php?rest_route=\/wp\/v2\/media\/5106"}],"wp:attachment":[{"href":"https:\/\/www.lobodachi.com\/index.php?rest_route=%2Fwp%2Fv2%2Fmedia&parent=5102"}],"curies":[{"name":"wp","href":"https:\/\/api.w.org\/{rel}","templated":true}]}}