{"id":5111,"date":"2025-07-24T20:33:49","date_gmt":"2025-07-24T20:33:49","guid":{"rendered":"https:\/\/www.lobodachi.com\/?post_type=product&#038;p=5111"},"modified":"2025-07-28T12:39:01","modified_gmt":"2025-07-28T12:39:01","slug":"hisui-form-zorua-plush","status":"publish","type":"product","link":"https:\/\/www.lobodachi.com\/?product=hisui-form-zorua-plush","title":{"rendered":"Hisui form Zorua Plush"},"content":{"rendered":"<p>Pok\u00e9mon Center<\/p>\n<p>Plush Zorua forma Hisui Shiny<\/p>\n<p>29\u00d714\u00d723 cm\u3000<\/p>\n<p>163.6g<\/p>\n","protected":false},"excerpt":{"rendered":"<p>Pok\u00e9mon Center Plush Zorua forma Hisui Shiny 29\u00d714\u00d723 cm\u3000 163.6g<\/p>\n","protected":false},"featured_media":5115,"template":"","meta":[],"_links":{"self":[{"href":"https:\/\/www.lobodachi.com\/index.php?rest_route=\/wp\/v2\/product\/5111"}],"collection":[{"href":"https:\/\/www.lobodachi.com\/index.php?rest_route=\/wp\/v2\/product"}],"about":[{"href":"https:\/\/www.lobodachi.com\/index.php?rest_route=\/wp\/v2\/types\/product"}],"wp:featuredmedia":[{"embeddable":true,"href":"https:\/\/www.lobodachi.com\/index.php?rest_route=\/wp\/v2\/media\/5115"}],"wp:attachment":[{"href":"https:\/\/www.lobodachi.com\/index.php?rest_route=%2Fwp%2Fv2%2Fmedia&parent=5111"}],"curies":[{"name":"wp","href":"https:\/\/api.w.org\/{rel}","templated":true}]}}