{"id":5122,"date":"2025-07-24T20:46:42","date_gmt":"2025-07-24T20:46:42","guid":{"rendered":"https:\/\/www.lobodachi.com\/?post_type=product&#038;p=5122"},"modified":"2025-11-12T09:12:13","modified_gmt":"2025-11-12T09:12:13","slug":"yamper-everyday-happiness-mascot","status":"publish","type":"product","link":"https:\/\/www.lobodachi.com\/?product=yamper-everyday-happiness-mascot","title":{"rendered":"Yamper Everyday Happiness Mascot"},"content":{"rendered":"<p>Pok\u00e9mon Center<\/p>\n<p>Peluche Monedero Yamper Pok\u00e9mon Everyday\u00a0 Happiness<\/p>\n<p>Peluche 12\u00d78\u00d77 cm<\/p>\n<p>Mosquet\u00f3n 4\u00d72\u00d70,4 cm<\/p>\n<p>42g<\/p>\n","protected":false},"excerpt":{"rendered":"<p>Pok\u00e9mon Center Peluche Monedero Yamper Pok\u00e9mon Everyday\u00a0 Happiness Peluche 12\u00d78\u00d77 cm Mosquet\u00f3n 4\u00d72\u00d70,4 cm 42g<\/p>\n","protected":false},"featured_media":5127,"template":"","meta":[],"_links":{"self":[{"href":"https:\/\/www.lobodachi.com\/index.php?rest_route=\/wp\/v2\/product\/5122"}],"collection":[{"href":"https:\/\/www.lobodachi.com\/index.php?rest_route=\/wp\/v2\/product"}],"about":[{"href":"https:\/\/www.lobodachi.com\/index.php?rest_route=\/wp\/v2\/types\/product"}],"wp:featuredmedia":[{"embeddable":true,"href":"https:\/\/www.lobodachi.com\/index.php?rest_route=\/wp\/v2\/media\/5127"}],"wp:attachment":[{"href":"https:\/\/www.lobodachi.com\/index.php?rest_route=%2Fwp%2Fv2%2Fmedia&parent=5122"}],"curies":[{"name":"wp","href":"https:\/\/api.w.org\/{rel}","templated":true}]}}