{"id":5123,"date":"2025-07-24T20:46:43","date_gmt":"2025-07-24T20:46:43","guid":{"rendered":"https:\/\/www.lobodachi.com\/?post_type=product&#038;p=5123"},"modified":"2025-07-29T16:19:16","modified_gmt":"2025-07-29T16:19:16","slug":"dondozo-pen-case-plush","status":"publish","type":"product","link":"https:\/\/www.lobodachi.com\/?product=dondozo-pen-case-plush","title":{"rendered":"Dondozo Pen case Plush"},"content":{"rendered":"<p>Pok\u00e9mon Center<\/p>\n<p>Plush estuche para l\u00e1pices Dondozo Pok\u00e9mon Diving<\/p>\n<p>15 x 28.5 x 19 cm<\/p>\n<p>81g<\/p>\n<p>\u00a0<\/p>\n","protected":false},"excerpt":{"rendered":"<p>Pok\u00e9mon Center Plush estuche para l\u00e1pices Dondozo Pok\u00e9mon Diving 15 x 28.5 x 19 cm 81g \u00a0<\/p>\n","protected":false},"featured_media":5129,"template":"","meta":[],"_links":{"self":[{"href":"https:\/\/www.lobodachi.com\/index.php?rest_route=\/wp\/v2\/product\/5123"}],"collection":[{"href":"https:\/\/www.lobodachi.com\/index.php?rest_route=\/wp\/v2\/product"}],"about":[{"href":"https:\/\/www.lobodachi.com\/index.php?rest_route=\/wp\/v2\/types\/product"}],"wp:featuredmedia":[{"embeddable":true,"href":"https:\/\/www.lobodachi.com\/index.php?rest_route=\/wp\/v2\/media\/5129"}],"wp:attachment":[{"href":"https:\/\/www.lobodachi.com\/index.php?rest_route=%2Fwp%2Fv2%2Fmedia&parent=5123"}],"curies":[{"name":"wp","href":"https:\/\/api.w.org\/{rel}","templated":true}]}}