{"id":5131,"date":"2025-07-24T21:10:53","date_gmt":"2025-07-24T21:10:53","guid":{"rendered":"https:\/\/www.lobodachi.com\/?post_type=product&#038;p=5131"},"modified":"2025-11-26T15:36:27","modified_gmt":"2025-11-26T15:36:27","slug":"delantal-pikachu-heart","status":"publish","type":"product","link":"https:\/\/www.lobodachi.com\/?product=delantal-pikachu-heart","title":{"rendered":"Delantal Pikachu Heart"},"content":{"rendered":"<p>Pok\u00e9mon Center<\/p>\n<p>Delantal Pikachu DINER<\/p>\n<p>83\u00d71\u00d785 cm<\/p>\n<p>270 g<\/p>\n","protected":false},"excerpt":{"rendered":"<p>Pok\u00e9mon Center Delantal Pikachu DINER 83\u00d71\u00d785 cm 270 g<\/p>\n","protected":false},"featured_media":5139,"template":"","meta":[],"_links":{"self":[{"href":"https:\/\/www.lobodachi.com\/index.php?rest_route=\/wp\/v2\/product\/5131"}],"collection":[{"href":"https:\/\/www.lobodachi.com\/index.php?rest_route=\/wp\/v2\/product"}],"about":[{"href":"https:\/\/www.lobodachi.com\/index.php?rest_route=\/wp\/v2\/types\/product"}],"wp:featuredmedia":[{"embeddable":true,"href":"https:\/\/www.lobodachi.com\/index.php?rest_route=\/wp\/v2\/media\/5139"}],"wp:attachment":[{"href":"https:\/\/www.lobodachi.com\/index.php?rest_route=%2Fwp%2Fv2%2Fmedia&parent=5131"}],"curies":[{"name":"wp","href":"https:\/\/api.w.org\/{rel}","templated":true}]}}