{"id":5140,"date":"2025-07-24T21:28:00","date_gmt":"2025-07-24T21:28:00","guid":{"rendered":"https:\/\/www.lobodachi.com\/?post_type=product&#038;p=5140"},"modified":"2025-07-28T12:39:13","modified_gmt":"2025-07-28T12:39:13","slug":"monedero-amarillo-pikachu-hanten","status":"publish","type":"product","link":"https:\/\/www.lobodachi.com\/?product=monedero-amarillo-pikachu-hanten","title":{"rendered":"Monedero Amarillo Pikachu Hanten"},"content":{"rendered":"<p>Pok\u00e9mon Center Monedero Amarillo Pikachu &amp; Mienfoo Pok\u00e9mon Pikachu Hanten 12\u00d713\u00d75 cm 43g<\/p>\n","protected":false},"excerpt":{"rendered":"<p>Pok\u00e9mon Center Monedero Amarillo Pikachu &amp; Mienfoo Pok\u00e9mon Pikachu Hanten 12\u00d713\u00d75 cm 43g<\/p>\n","protected":false},"featured_media":5153,"template":"","meta":[],"_links":{"self":[{"href":"https:\/\/www.lobodachi.com\/index.php?rest_route=\/wp\/v2\/product\/5140"}],"collection":[{"href":"https:\/\/www.lobodachi.com\/index.php?rest_route=\/wp\/v2\/product"}],"about":[{"href":"https:\/\/www.lobodachi.com\/index.php?rest_route=\/wp\/v2\/types\/product"}],"wp:featuredmedia":[{"embeddable":true,"href":"https:\/\/www.lobodachi.com\/index.php?rest_route=\/wp\/v2\/media\/5153"}],"wp:attachment":[{"href":"https:\/\/www.lobodachi.com\/index.php?rest_route=%2Fwp%2Fv2%2Fmedia&parent=5140"}],"curies":[{"name":"wp","href":"https:\/\/api.w.org\/{rel}","templated":true}]}}