{"id":5141,"date":"2025-07-24T21:28:00","date_gmt":"2025-07-24T21:28:00","guid":{"rendered":"https:\/\/www.lobodachi.com\/?post_type=product&#038;p=5141"},"modified":"2025-07-28T12:39:15","modified_gmt":"2025-07-28T12:39:15","slug":"cachucha-charizard-newera-ajustable","status":"publish","type":"product","link":"https:\/\/www.lobodachi.com\/?product=cachucha-charizard-newera-ajustable","title":{"rendered":"Cachucha Charizard NewERA (ajustable)"},"content":{"rendered":"<p>Pok\u00e9mon Center<\/p>\n<p>Cachucha Charizard 9TWENTY Pok\u00e9mon x NEWERA<\/p>\n<p>11\u00d719,5\u00d728 cm<\/p>\n<p>80 g<\/p>\n<p>Circunferencia de la cabeza aprox. 56,8 cm ~ aprox. 60,6 cm<\/p>\n","protected":false},"excerpt":{"rendered":"<p>Pok\u00e9mon Center Cachucha Charizard 9TWENTY Pok\u00e9mon x NEWERA 11\u00d719,5\u00d728 cm 80 g Circunferencia de la cabeza aprox. 56,8 cm ~ aprox. 60,6 cm<\/p>\n","protected":false},"featured_media":5145,"template":"","meta":[],"_links":{"self":[{"href":"https:\/\/www.lobodachi.com\/index.php?rest_route=\/wp\/v2\/product\/5141"}],"collection":[{"href":"https:\/\/www.lobodachi.com\/index.php?rest_route=\/wp\/v2\/product"}],"about":[{"href":"https:\/\/www.lobodachi.com\/index.php?rest_route=\/wp\/v2\/types\/product"}],"wp:featuredmedia":[{"embeddable":true,"href":"https:\/\/www.lobodachi.com\/index.php?rest_route=\/wp\/v2\/media\/5145"}],"wp:attachment":[{"href":"https:\/\/www.lobodachi.com\/index.php?rest_route=%2Fwp%2Fv2%2Fmedia&parent=5141"}],"curies":[{"name":"wp","href":"https:\/\/api.w.org\/{rel}","templated":true}]}}