{"id":5157,"date":"2025-07-27T16:12:06","date_gmt":"2025-07-27T16:12:06","guid":{"rendered":"https:\/\/www.lobodachi.com\/?post_type=product&#038;p=5157"},"modified":"2025-07-28T12:39:51","modified_gmt":"2025-07-28T12:39:51","slug":"morral-pikachu-hanten","status":"publish","type":"product","link":"https:\/\/www.lobodachi.com\/?product=morral-pikachu-hanten","title":{"rendered":"Morral Pikachu Hanten"},"content":{"rendered":"<p>Pok\u00e9mon Center<\/p>\n<p>Morral Pikachu Pok\u00e9mon Pikachu Hanten<\/p>\n<p>21\u00d718\u00d71 cm<\/p>\n<p>30g<\/p>\n","protected":false},"excerpt":{"rendered":"<p>Pok\u00e9mon Center Morral Pikachu Pok\u00e9mon Pikachu Hanten 21\u00d718\u00d71 cm 30g<\/p>\n","protected":false},"featured_media":5161,"template":"","meta":[],"_links":{"self":[{"href":"https:\/\/www.lobodachi.com\/index.php?rest_route=\/wp\/v2\/product\/5157"}],"collection":[{"href":"https:\/\/www.lobodachi.com\/index.php?rest_route=\/wp\/v2\/product"}],"about":[{"href":"https:\/\/www.lobodachi.com\/index.php?rest_route=\/wp\/v2\/types\/product"}],"wp:featuredmedia":[{"embeddable":true,"href":"https:\/\/www.lobodachi.com\/index.php?rest_route=\/wp\/v2\/media\/5161"}],"wp:attachment":[{"href":"https:\/\/www.lobodachi.com\/index.php?rest_route=%2Fwp%2Fv2%2Fmedia&parent=5157"}],"curies":[{"name":"wp","href":"https:\/\/api.w.org\/{rel}","templated":true}]}}