{"id":5158,"date":"2025-07-27T16:12:07","date_gmt":"2025-07-27T16:12:07","guid":{"rendered":"https:\/\/www.lobodachi.com\/?post_type=product&#038;p=5158"},"modified":"2025-07-28T12:39:45","modified_gmt":"2025-07-28T12:39:45","slug":"pikachu-morral-25th-aniversario","status":"publish","type":"product","link":"https:\/\/www.lobodachi.com\/?product=pikachu-morral-25th-aniversario","title":{"rendered":"Pikachu Morral 25th aniversario"},"content":{"rendered":"<p>Pok\u00e9mon Center<\/p>\n<p>Morral Pikachu Pok\u00e9mon Center 25 aniversario<\/p>\n<p>20.0\u00d716.0\u00d70.5cm\u3000<\/p>\n<p>30g<\/p>\n","protected":false},"excerpt":{"rendered":"<p>Pok\u00e9mon Center Morral Pikachu Pok\u00e9mon Center 25 aniversario 20.0\u00d716.0\u00d70.5cm\u3000 30g<\/p>\n","protected":false},"featured_media":5165,"template":"","meta":[],"_links":{"self":[{"href":"https:\/\/www.lobodachi.com\/index.php?rest_route=\/wp\/v2\/product\/5158"}],"collection":[{"href":"https:\/\/www.lobodachi.com\/index.php?rest_route=\/wp\/v2\/product"}],"about":[{"href":"https:\/\/www.lobodachi.com\/index.php?rest_route=\/wp\/v2\/types\/product"}],"wp:featuredmedia":[{"embeddable":true,"href":"https:\/\/www.lobodachi.com\/index.php?rest_route=\/wp\/v2\/media\/5165"}],"wp:attachment":[{"href":"https:\/\/www.lobodachi.com\/index.php?rest_route=%2Fwp%2Fv2%2Fmedia&parent=5158"}],"curies":[{"name":"wp","href":"https:\/\/api.w.org\/{rel}","templated":true}]}}