{"id":5160,"date":"2025-07-27T16:12:07","date_gmt":"2025-07-27T16:12:07","guid":{"rendered":"https:\/\/www.lobodachi.com\/?post_type=product&#038;p=5160"},"modified":"2025-07-28T12:39:47","modified_gmt":"2025-07-28T12:39:47","slug":"lunch-mat-rayquaza-hanten","status":"publish","type":"product","link":"https:\/\/www.lobodachi.com\/?product=lunch-mat-rayquaza-hanten","title":{"rendered":"Lunch Mat Rayquaza Hanten"},"content":{"rendered":"<p>Pok\u00e9mon Center<\/p>\n<p>Mantel Individual Rayquaza Pok\u00e9mon Pikachu Hanten<\/p>\n<p>30\u00d745\u00d70.5cm\u3000<\/p>\n<p>40g<\/p>\n","protected":false},"excerpt":{"rendered":"<p>Pok\u00e9mon Center Mantel Individual Rayquaza Pok\u00e9mon Pikachu Hanten 30\u00d745\u00d70.5cm\u3000 40g<\/p>\n","protected":false},"featured_media":5164,"template":"","meta":[],"_links":{"self":[{"href":"https:\/\/www.lobodachi.com\/index.php?rest_route=\/wp\/v2\/product\/5160"}],"collection":[{"href":"https:\/\/www.lobodachi.com\/index.php?rest_route=\/wp\/v2\/product"}],"about":[{"href":"https:\/\/www.lobodachi.com\/index.php?rest_route=\/wp\/v2\/types\/product"}],"wp:featuredmedia":[{"embeddable":true,"href":"https:\/\/www.lobodachi.com\/index.php?rest_route=\/wp\/v2\/media\/5164"}],"wp:attachment":[{"href":"https:\/\/www.lobodachi.com\/index.php?rest_route=%2Fwp%2Fv2%2Fmedia&parent=5160"}],"curies":[{"name":"wp","href":"https:\/\/api.w.org\/{rel}","templated":true}]}}