{"id":5177,"date":"2025-07-27T16:48:54","date_gmt":"2025-07-27T16:48:54","guid":{"rendered":"https:\/\/www.lobodachi.com\/?post_type=product&#038;p=5177"},"modified":"2026-01-21T20:56:43","modified_gmt":"2026-01-21T20:56:43","slug":"pluma-sarasa-chikorita-0-5","status":"publish","type":"product","link":"https:\/\/www.lobodachi.com\/?product=pluma-sarasa-chikorita-0-5","title":{"rendered":"Pluma Sarasa Chikorita 0.5"},"content":{"rendered":"<p>Pok\u00e9mon Center<\/p>\n<p>Bol\u00edgrafo Sarasa Chikorita 0.5 mm Pok\u00e9mon Shirts<\/p>\n<p>14.1 \u00d7 1.1 cm<\/p>\n<p>20g<\/p>\n","protected":false},"excerpt":{"rendered":"<p>Pok\u00e9mon Center Bol\u00edgrafo Sarasa Chikorita 0.5 mm Pok\u00e9mon Shirts 14.1 \u00d7 1.1 cm 20g<\/p>\n","protected":false},"featured_media":5183,"template":"","meta":[],"_links":{"self":[{"href":"https:\/\/www.lobodachi.com\/index.php?rest_route=\/wp\/v2\/product\/5177"}],"collection":[{"href":"https:\/\/www.lobodachi.com\/index.php?rest_route=\/wp\/v2\/product"}],"about":[{"href":"https:\/\/www.lobodachi.com\/index.php?rest_route=\/wp\/v2\/types\/product"}],"wp:featuredmedia":[{"embeddable":true,"href":"https:\/\/www.lobodachi.com\/index.php?rest_route=\/wp\/v2\/media\/5183"}],"wp:attachment":[{"href":"https:\/\/www.lobodachi.com\/index.php?rest_route=%2Fwp%2Fv2%2Fmedia&parent=5177"}],"curies":[{"name":"wp","href":"https:\/\/api.w.org\/{rel}","templated":true}]}}