{"id":5188,"date":"2025-07-27T17:03:51","date_gmt":"2025-07-27T17:03:51","guid":{"rendered":"https:\/\/www.lobodachi.com\/?post_type=product&#038;p=5188"},"modified":"2025-08-10T08:54:26","modified_gmt":"2025-08-10T08:54:26","slug":"dondozo-metal-charm","status":"publish","type":"product","link":"https:\/\/www.lobodachi.com\/?product=dondozo-metal-charm","title":{"rendered":"Dondozo metal charm"},"content":{"rendered":"<p>Pok\u00e9mon Center<\/p>\n<p>Charm Met\u00e1lico Dondozo<\/p>\n<p>4.1\u00d73.6\u00d70.2 cm<\/p>\n<p>5g<\/p>\n","protected":false},"excerpt":{"rendered":"<p>Pok\u00e9mon Center Charm Met\u00e1lico Dondozo 4.1\u00d73.6\u00d70.2 cm 5g<\/p>\n","protected":false},"featured_media":5194,"template":"","meta":[],"_links":{"self":[{"href":"https:\/\/www.lobodachi.com\/index.php?rest_route=\/wp\/v2\/product\/5188"}],"collection":[{"href":"https:\/\/www.lobodachi.com\/index.php?rest_route=\/wp\/v2\/product"}],"about":[{"href":"https:\/\/www.lobodachi.com\/index.php?rest_route=\/wp\/v2\/types\/product"}],"wp:featuredmedia":[{"embeddable":true,"href":"https:\/\/www.lobodachi.com\/index.php?rest_route=\/wp\/v2\/media\/5194"}],"wp:attachment":[{"href":"https:\/\/www.lobodachi.com\/index.php?rest_route=%2Fwp%2Fv2%2Fmedia&parent=5188"}],"curies":[{"name":"wp","href":"https:\/\/api.w.org\/{rel}","templated":true}]}}