{"id":5197,"date":"2025-07-27T17:15:47","date_gmt":"2025-07-27T17:15:47","guid":{"rendered":"https:\/\/www.lobodachi.com\/?post_type=product&#038;p=5197"},"modified":"2025-07-28T12:40:33","modified_gmt":"2025-07-28T12:40:33","slug":"sylveon-figura-midnight-agent","status":"publish","type":"product","link":"https:\/\/www.lobodachi.com\/?product=sylveon-figura-midnight-agent","title":{"rendered":"Sylveon Figura Midnight Agent"},"content":{"rendered":"<p>Pok\u00e9mon Center<\/p>\n<p>Figura Sylveon Pok\u00e9mon Midnight Agent THE CINEMA<\/p>\n<p>12.1\u00d712\u00d79cm\u3000<\/p>\n<p>140g<\/p>\n","protected":false},"excerpt":{"rendered":"<p>Pok\u00e9mon Center Figura Sylveon Pok\u00e9mon Midnight Agent THE CINEMA 12.1\u00d712\u00d79cm\u3000 140g<\/p>\n","protected":false},"featured_media":5204,"template":"","meta":[],"_links":{"self":[{"href":"https:\/\/www.lobodachi.com\/index.php?rest_route=\/wp\/v2\/product\/5197"}],"collection":[{"href":"https:\/\/www.lobodachi.com\/index.php?rest_route=\/wp\/v2\/product"}],"about":[{"href":"https:\/\/www.lobodachi.com\/index.php?rest_route=\/wp\/v2\/types\/product"}],"wp:featuredmedia":[{"embeddable":true,"href":"https:\/\/www.lobodachi.com\/index.php?rest_route=\/wp\/v2\/media\/5204"}],"wp:attachment":[{"href":"https:\/\/www.lobodachi.com\/index.php?rest_route=%2Fwp%2Fv2%2Fmedia&parent=5197"}],"curies":[{"name":"wp","href":"https:\/\/api.w.org\/{rel}","templated":true}]}}