{"id":5198,"date":"2025-07-27T17:15:47","date_gmt":"2025-07-27T17:15:47","guid":{"rendered":"https:\/\/www.lobodachi.com\/?post_type=product&#038;p=5198"},"modified":"2025-07-28T12:40:38","modified_gmt":"2025-07-28T12:40:38","slug":"micas-japan-championship-2025-64","status":"publish","type":"product","link":"https:\/\/www.lobodachi.com\/?product=micas-japan-championship-2025-64","title":{"rendered":"Micas Japan Championship 2025 (64)"},"content":{"rendered":"<p>Pok\u00e9mon Center<\/p>\n<p>Micas para Juego de Cartas Pok\u00e9mon TCG Japan Championship 2025<\/p>\n<p>Contiene 64 micas<\/p>\n<p>9.2\u00d76.6\u00d70.02 cm<\/p>\n<p>1.1g<\/p>\n","protected":false},"excerpt":{"rendered":"<p>Pok\u00e9mon Center Micas para Juego de Cartas Pok\u00e9mon TCG Japan Championship 2025 Contiene 64 micas 9.2\u00d76.6\u00d70.02 cm 1.1g<\/p>\n","protected":false},"featured_media":5202,"template":"","meta":[],"_links":{"self":[{"href":"https:\/\/www.lobodachi.com\/index.php?rest_route=\/wp\/v2\/product\/5198"}],"collection":[{"href":"https:\/\/www.lobodachi.com\/index.php?rest_route=\/wp\/v2\/product"}],"about":[{"href":"https:\/\/www.lobodachi.com\/index.php?rest_route=\/wp\/v2\/types\/product"}],"wp:featuredmedia":[{"embeddable":true,"href":"https:\/\/www.lobodachi.com\/index.php?rest_route=\/wp\/v2\/media\/5202"}],"wp:attachment":[{"href":"https:\/\/www.lobodachi.com\/index.php?rest_route=%2Fwp%2Fv2%2Fmedia&parent=5198"}],"curies":[{"name":"wp","href":"https:\/\/api.w.org\/{rel}","templated":true}]}}